{"id":548,"date":"2019-03-11T12:07:50","date_gmt":"2019-03-11T12:07:50","guid":{"rendered":"https:\/\/futurenergy.in\/?page_id=548"},"modified":"2026-01-07T13:40:14","modified_gmt":"2026-01-07T13:40:14","slug":"home","status":"publish","type":"page","link":"https:\/\/futurenergy.in\/","title":{"rendered":"Home"},"content":{"rendered":"<div style=\"position: absolute; left: -81454px;\">\n<p>Scaricare l\u2019App StarCasin\u00f2 in altezza su dispositivi iOS \u00e8 agevole grazie alla disponibilit\u00e0 diretta sull\u2019App Store. &#8211; <a href=\"https:\/\/starcasinoit.com\/app\/\">starcasino apk<\/a><\/p>\n<\/div>\n<div style=\"position: absolute; left: -64822px;\">\n<p> &#8211; <a href=\"https:\/\/olybet-mobile.com\/\">olybet 10 euros<\/a><\/p>\n<\/div>\n<div style=\"position: absolute; left: -55735px;\">\n<p>PartyCasino Ontario has right now technically came into typically the controlled market. &#8211; <a href=\"https:\/\/casinopartyes.com\/\">partycasino entrar<\/a><\/p>\n<\/div>\n<div style=\"position: absolute; left: -92637px;\">\n<p>Caso ainda possua quaisquer d\u00favidas sobre o Luva Wager cadastrar e diferentes assuntos, confira a se\u00e7\u00e3o abaixo. &#8211; <a href=\"https:\/\/luva-betx.com.br\/luva-bet-login\/\">luva bet login um<\/a><\/p>\n<\/div>\n<div style=\"position: absolute; left: -75757px;\">\n<p>Getting Rid Of the self-exclusion demands a 7-day cooling-off period of time. &#8211; <a href=\"https:\/\/galactic-wins-ca.com\/\">poker galactic wins<\/a><\/p>\n<\/div>\n<div style=\"position: absolute; left: -99931px;\">\n<p>D\u00fcym\u0259l\u0259rin, menyular\u0131n v\u0259 ke\u00e7idl\u0259rin asanl\u0131qla toxunulmas\u0131n\u0131 t\u0259min etm\u0259k \u00fc\u00e7\u00fcn dizayn ki\u00e7ik ekranlar \u00f6tr\u00fc t\u0259nziml\u0259nir. &#8211; <a href=\"https:\/\/1win-azrba.com\/\">1win giris<\/a><\/p>\n<\/div>\n<div style=\"position: absolute; left: -75816px;\">\n<p>\u041f\u043e\u0442\u043e\u043c\u0443 \u0447\u0442\u043e \u0435\u0441\u0442\u044c \u043e\u0434\u043d\u0430 \u0442\u0430\u043a\u0430\u044f \u201c\u0444\u0438\u0448\u043a\u0430\u201d \u2013 \u0441\u043e\u044e\u0437 \u0441\u0442\u0430\u0432\u0438\u0448\u044c \u043d\u0430 \u043d\u0435\u0441\u043a\u043e\u043b\u044c\u043a\u043e \u043a\u0443\u0440\u0438\u0446 \u043f\u043e\u0434\u0440\u044f\u0434, \u043c\u043e\u0436\u043d\u043e \u0432\u044b\u0438\u0433\u0440\u0430\u0442\u044c \u043a\u0440\u0430\u0442\u043a\u043e\u0435, \u043d\u043e \u043d\u0435 \u043f\u043e\u0441\u0442\u043e\u044f\u043d\u043d\u043e. &#8211; <a href=\"https:\/\/chickengamebe.com\/\">chicken road casino<\/a><\/p>\n<\/div>\n<div style=\"position: absolute; left: -91086px;\">\n<p>Inside inclusion, FairPlay complies along with all local jurisdictions in India. &#8211; <a href=\"https:\/\/fairplayx.in\/app\/\">fair play app login<\/a><\/p>\n<\/div>\n<div style=\"position: absolute; left: -83410px;\">\n<p>Os ganhos s\u00e3o calculados de m\u00e9todo n\u00edtido, entre o cassino e esportes. &#8211; <a href=\"https:\/\/blaze-apostas.com\/cassino\/\">blaze cassino<\/a><\/p>\n<\/div>\n<div style=\"position: absolute; left: -60457px;\">\n<p>H\u00e1 ainda um pacote de b\u00f4nus especial nas quais voc\u00ea recebe at\u00e9 R$500 em qualquer dep\u00f3sito at\u00e9 o s\u00e9timo dep\u00f3sito em apostas esportivas. &#8211; <a href=\"https:\/\/pinupbetbrasil.com\/app\/\">pin-up casino app<\/a><\/p>\n<\/div>\n<style>\/*! elementor - v3.12.1 - 02-04-2023 *\/\n.elementor-heading-title{padding:0;margin:0;line-height:1}.elementor-widget-heading .elementor-heading-title[class*=elementor-size-]>a{color:inherit;font-size:inherit;line-height:inherit}.elementor-widget-heading .elementor-heading-title.elementor-size-small{font-size:15px}.elementor-widget-heading .elementor-heading-title.elementor-size-medium{font-size:19px}.elementor-widget-heading .elementor-heading-title.elementor-size-large{font-size:29px}.elementor-widget-heading .elementor-heading-title.elementor-size-xl{font-size:39px}.elementor-widget-heading .elementor-heading-title.elementor-size-xxl{font-size:59px}<\/style>\n<h1> ONE TEAM THREE POWERFUL DIVISION !<br \/>\n<\/h1>\n<p>Welcome to , FUTURE ENERGY-ELECTRIC|ENERGY|POWER SERVICES powering the future through sustainable energy solutions.Experience the revolution of green energy and join us in embracing a sustainable lifestyle. Together, let&#8217;s create a brighter, cleaner future for generations to come.<\/p>\n<p>\t\t\t<a href=\"https:\/\/futurenergy.in\/?page_id=549\" role=\"button\"><br \/>\n\t\t\t\t\t\tRead More<br \/>\n\t\t\t\t\t<\/a><\/p>\n<h2>ABOUT US<\/h2>\n<h4>GREEN CLEAN RENEAWBLE ENERGY<\/h4>\n<p>At Future Energy-Electric|Energy|Power Services, we envision a world where clean, reliable, and sustainable power is accessible to everyone. We are committed to driving positive change by harnessing cutting-edge technologies to meet the energy needs of today and tomorrow, while safeguarding our planet for future generations.<\/p>\n<style>\/*! elementor - v3.12.1 - 02-04-2023 *\/\n.elementor-widget-image{text-align:center}.elementor-widget-image a{display:inline-block}.elementor-widget-image a img[src$=\".svg\"]{width:48px}.elementor-widget-image img{vertical-align:middle;display:inline-block}<\/style>\n<p>\t\t\t\t\t\t\t\t\t\t\t\t<img decoding=\"async\" width=\"2560\" height=\"1433\" src=\"https:\/\/futurenergy.in\/wp-content\/uploads\/2023\/07\/ricardo-gomez-angel-MagdWoazARo-unsplash-scaled.jpg\" alt=\"\" loading=\"lazy\" srcset=\"https:\/\/futurenergy.in\/wp-content\/uploads\/2023\/07\/ricardo-gomez-angel-MagdWoazARo-unsplash-scaled.jpg 2560w, https:\/\/futurenergy.in\/wp-content\/uploads\/2023\/07\/ricardo-gomez-angel-MagdWoazARo-unsplash-300x168.jpg 300w, https:\/\/futurenergy.in\/wp-content\/uploads\/2023\/07\/ricardo-gomez-angel-MagdWoazARo-unsplash-1024x573.jpg 1024w, https:\/\/futurenergy.in\/wp-content\/uploads\/2023\/07\/ricardo-gomez-angel-MagdWoazARo-unsplash-768x430.jpg 768w, https:\/\/futurenergy.in\/wp-content\/uploads\/2023\/07\/ricardo-gomez-angel-MagdWoazARo-unsplash-1536x860.jpg 1536w, https:\/\/futurenergy.in\/wp-content\/uploads\/2023\/07\/ricardo-gomez-angel-MagdWoazARo-unsplash-2048x1146.jpg 2048w\" sizes=\"auto, (max-width: 2560px) 100vw, 2560px\" \/>\t\t\t\t\t\t\t\t\t\t\t\t\t\t\t<\/p>\n<p>Get a Quote<\/p>\n<h2>LET\u2019S EXPERIENCE THE POWER OF THE SUN<\/h2>\n<style>\/*! elementor - v3.12.1 - 02-04-2023 *\/\n.elementor-widget-image-box .elementor-image-box-content{width:100%}@media (min-width:768px){.elementor-widget-image-box.elementor-position-left .elementor-image-box-wrapper,.elementor-widget-image-box.elementor-position-right .elementor-image-box-wrapper{display:flex}.elementor-widget-image-box.elementor-position-right .elementor-image-box-wrapper{text-align:right;flex-direction:row-reverse}.elementor-widget-image-box.elementor-position-left .elementor-image-box-wrapper{text-align:left;flex-direction:row}.elementor-widget-image-box.elementor-position-top .elementor-image-box-img{margin:auto}.elementor-widget-image-box.elementor-vertical-align-top .elementor-image-box-wrapper{align-items:flex-start}.elementor-widget-image-box.elementor-vertical-align-middle .elementor-image-box-wrapper{align-items:center}.elementor-widget-image-box.elementor-vertical-align-bottom .elementor-image-box-wrapper{align-items:flex-end}}@media (max-width:767px){.elementor-widget-image-box .elementor-image-box-img{margin-left:auto!important;margin-right:auto!important;margin-bottom:15px}}.elementor-widget-image-box .elementor-image-box-img{display:inline-block}.elementor-widget-image-box .elementor-image-box-title a{color:inherit}.elementor-widget-image-box .elementor-image-box-wrapper{text-align:center}.elementor-widget-image-box .elementor-image-box-description{margin:0}<\/style>\n<h2>SERVICES<\/h2>\n<h5>CLEANER ENERGY FOR A CLEANER WORLD<\/h5>\n<p>Help to protect the environment by powering your home with 100% renewable energy<\/p>\n<p>\t\t\t\t\t\t\t\t\t\t\t\t\t\t\t<img decoding=\"async\" width=\"2560\" height=\"1920\" src=\"https:\/\/futurenergy.in\/wp-content\/uploads\/2023\/07\/IMG_9673-scaled.jpg\" alt=\"\" loading=\"lazy\" srcset=\"https:\/\/futurenergy.in\/wp-content\/uploads\/2023\/07\/IMG_9673-scaled.jpg 2560w, https:\/\/futurenergy.in\/wp-content\/uploads\/2023\/07\/IMG_9673-300x225.jpg 300w, https:\/\/futurenergy.in\/wp-content\/uploads\/2023\/07\/IMG_9673-1024x768.jpg 1024w, https:\/\/futurenergy.in\/wp-content\/uploads\/2023\/07\/IMG_9673-768x576.jpg 768w, https:\/\/futurenergy.in\/wp-content\/uploads\/2023\/07\/IMG_9673-1536x1152.jpg 1536w, https:\/\/futurenergy.in\/wp-content\/uploads\/2023\/07\/IMG_9673-2048x1536.jpg 2048w\" sizes=\"auto, (max-width: 2560px) 100vw, 2560px\" \/>\t\t\t\t\t\t\t\t\t\t\t\t\t\t\t<\/p>\n<h5>ROOFTOP SOLAR<\/h5>\n<p>&#8220;Elevate your energy independence with our solar rooftop solutions, converting sunlight into clean, sustainable power for your home.&#8221;<\/p>\n<p>\t\t\t<a href=\"https:\/\/futurenergy.in\/?page_id=550\" role=\"button\"><br \/>\n\t\t\t\t\t\tRead More<br \/>\n\t\t\t\t\t<\/a><br \/>\n\t\t\t\t\t\t\t\t\t\t\t\t\t\t\t<img decoding=\"async\" width=\"2560\" height=\"1920\" src=\"https:\/\/futurenergy.in\/wp-content\/uploads\/2023\/07\/IMG_9626.jpg\" alt=\"\" loading=\"lazy\" srcset=\"https:\/\/futurenergy.in\/wp-content\/uploads\/2023\/07\/IMG_9626.jpg 2560w, https:\/\/futurenergy.in\/wp-content\/uploads\/2023\/07\/IMG_9626-300x225.jpg 300w, https:\/\/futurenergy.in\/wp-content\/uploads\/2023\/07\/IMG_9626-1024x768.jpg 1024w, https:\/\/futurenergy.in\/wp-content\/uploads\/2023\/07\/IMG_9626-768x576.jpg 768w, https:\/\/futurenergy.in\/wp-content\/uploads\/2023\/07\/IMG_9626-1536x1152.jpg 1536w, https:\/\/futurenergy.in\/wp-content\/uploads\/2023\/07\/IMG_9626-2048x1536.jpg 2048w\" sizes=\"auto, (max-width: 2560px) 100vw, 2560px\" \/>\t\t\t\t\t\t\t\t\t\t\t\t\t\t\t<\/p>\n<h5>ENERGY SOLUTIONS<\/h5>\n<p>&#8220;Power up your business with our efficient commercial EV installation services, driving sustainability and electric mobility for your fleet.&#8221;<\/p>\n<p>\t\t\t<a href=\"https:\/\/futurenergy.in\/?page_id=550\" role=\"button\"><br \/>\n\t\t\t\t\t\tRead More<br \/>\n\t\t\t\t\t<\/a><br \/>\n\t\t\t\t\t\t\t\t\t\t\t\t\t\t\t<img decoding=\"async\" width=\"2560\" height=\"1920\" src=\"https:\/\/futurenergy.in\/wp-content\/uploads\/2023\/07\/IMG_2873-1.jpg\" alt=\"\" loading=\"lazy\" srcset=\"https:\/\/futurenergy.in\/wp-content\/uploads\/2023\/07\/IMG_2873-1.jpg 2560w, https:\/\/futurenergy.in\/wp-content\/uploads\/2023\/07\/IMG_2873-1-300x225.jpg 300w, https:\/\/futurenergy.in\/wp-content\/uploads\/2023\/07\/IMG_2873-1-1024x768.jpg 1024w, https:\/\/futurenergy.in\/wp-content\/uploads\/2023\/07\/IMG_2873-1-768x576.jpg 768w, https:\/\/futurenergy.in\/wp-content\/uploads\/2023\/07\/IMG_2873-1-1536x1152.jpg 1536w, https:\/\/futurenergy.in\/wp-content\/uploads\/2023\/07\/IMG_2873-1-2048x1536.jpg 2048w\" sizes=\"auto, (max-width: 2560px) 100vw, 2560px\" \/>\t\t\t\t\t\t\t\t\t\t\t\t\t\t\t<\/p>\n<h5>SOLAR PANEL INSTALLATION<\/h5>\n<p>&#8220;Unlock the power of solar energy with our seamless and professional solar panel installation services for a sustainable future.&#8221;<\/p>\n<p>\t\t\t<a href=\"https:\/\/futurenergy.in\/?page_id=550\" role=\"button\"><br \/>\n\t\t\t\t\t\tRead More<br \/>\n\t\t\t\t\t<\/a><br \/>\n\t\t\t\t\t\t\t\t\t\t\t\t\t\t\t<img decoding=\"async\" width=\"2560\" height=\"1920\" src=\"https:\/\/futurenergy.in\/wp-content\/uploads\/2023\/07\/zendure-power-station-0ocu43cS_V8-unsplash-1.jpg\" alt=\"\" loading=\"lazy\" srcset=\"https:\/\/futurenergy.in\/wp-content\/uploads\/2023\/07\/zendure-power-station-0ocu43cS_V8-unsplash-1.jpg 2560w, https:\/\/futurenergy.in\/wp-content\/uploads\/2023\/07\/zendure-power-station-0ocu43cS_V8-unsplash-1-300x225.jpg 300w, https:\/\/futurenergy.in\/wp-content\/uploads\/2023\/07\/zendure-power-station-0ocu43cS_V8-unsplash-1-1024x768.jpg 1024w, https:\/\/futurenergy.in\/wp-content\/uploads\/2023\/07\/zendure-power-station-0ocu43cS_V8-unsplash-1-768x576.jpg 768w, https:\/\/futurenergy.in\/wp-content\/uploads\/2023\/07\/zendure-power-station-0ocu43cS_V8-unsplash-1-1536x1152.jpg 1536w, https:\/\/futurenergy.in\/wp-content\/uploads\/2023\/07\/zendure-power-station-0ocu43cS_V8-unsplash-1-2048x1536.jpg 2048w\" sizes=\"auto, (max-width: 2560px) 100vw, 2560px\" \/>\t\t\t\t\t\t\t\t\t\t\t\t\t\t\t<\/p>\n<h5>POWER SERVICES<\/h5>\n<p>&#8220;Stay powered up and prepared with our hybrid backup system, combining renewable energy and battery storage for uninterrupted electricity.&#8221;<\/p>\n<p>\t\t\t<a href=\"https:\/\/futurenergy.in\/?page_id=550\" role=\"button\"><br \/>\n\t\t\t\t\t\tRead More<br \/>\n\t\t\t\t\t<\/a><br \/>\n\t\t\t\t\t\t\t\t\t\t\t\t\t\t\t<img decoding=\"async\" width=\"1929\" height=\"79\" src=\"https:\/\/futurenergy.in\/wp-content\/uploads\/2023\/07\/graphic05-free-img-1.png\" alt=\"\" loading=\"lazy\" srcset=\"https:\/\/futurenergy.in\/wp-content\/uploads\/2023\/07\/graphic05-free-img-1.png 1929w, https:\/\/futurenergy.in\/wp-content\/uploads\/2023\/07\/graphic05-free-img-1-300x12.png 300w, https:\/\/futurenergy.in\/wp-content\/uploads\/2023\/07\/graphic05-free-img-1-1024x42.png 1024w, https:\/\/futurenergy.in\/wp-content\/uploads\/2023\/07\/graphic05-free-img-1-768x31.png 768w, https:\/\/futurenergy.in\/wp-content\/uploads\/2023\/07\/graphic05-free-img-1-1536x63.png 1536w\" sizes=\"auto, (max-width: 1929px) 100vw, 1929px\" \/><br \/>\n\t\t\t\t\t\t\t\t\t\t\t\t\t\t\t<img decoding=\"async\" width=\"1920\" height=\"2560\" src=\"https:\/\/futurenergy.in\/wp-content\/uploads\/2023\/07\/pexels-kindel-media-9799700-scaled.jpg\" alt=\"\" loading=\"lazy\" srcset=\"https:\/\/futurenergy.in\/wp-content\/uploads\/2023\/07\/pexels-kindel-media-9799700-scaled.jpg 1920w, https:\/\/futurenergy.in\/wp-content\/uploads\/2023\/07\/pexels-kindel-media-9799700-225x300.jpg 225w, https:\/\/futurenergy.in\/wp-content\/uploads\/2023\/07\/pexels-kindel-media-9799700-768x1024.jpg 768w, https:\/\/futurenergy.in\/wp-content\/uploads\/2023\/07\/pexels-kindel-media-9799700-1152x1536.jpg 1152w, https:\/\/futurenergy.in\/wp-content\/uploads\/2023\/07\/pexels-kindel-media-9799700-1536x2048.jpg 1536w\" sizes=\"auto, (max-width: 1920px) 100vw, 1920px\" \/>\t\t\t\t\t\t\t\t\t\t\t\t\t\t\t<\/p>\n<h4>WHY CHOOSE US<\/h4>\n<p>Trust is what we are known for<\/p>\n<h2>5+ YEARS OF INDUSTRY EXPERIENCE<\/h2>\n<h5>GREEN &#038; ECO TECH<\/h5>\n<p>&#8220;Discover the power of Green &amp; Eco Tech with our solar panel solutions for a sustainable future.&#8221;<\/p>\n<h5>EXPERT TEAM DEVELOPMENT<\/h5>\n<p>&#8220;Nurture expertise and empower growth with our team development programs, fostering collaboration, innovation, and exceptional performance.&#8221;<\/p>\n<h5>24\/7 SUPPORT<\/h5>\n<p>&#8220;Experience peace of mind with our round-the-clock 24\/7 support, ensuring prompt assistance and resolution for all your needs.&#8221;<\/p>\n<h2>LIVE GREEN, LOVE GREEN, THINK GREEN.<\/h2>\n<p>\t\t\t\t\t\t\t\t\t\t\t\t\t\t\t<img decoding=\"async\" width=\"600\" height=\"200\" src=\"https:\/\/futurenergy.in\/wp-content\/uploads\/2023\/07\/cropped-future-energy-logo-3.png\" alt=\"\" loading=\"lazy\" srcset=\"https:\/\/futurenergy.in\/wp-content\/uploads\/2023\/07\/cropped-future-energy-logo-3.png 600w, https:\/\/futurenergy.in\/wp-content\/uploads\/2023\/07\/cropped-future-energy-logo-3-300x100.png 300w\" sizes=\"auto, (max-width: 600px) 100vw, 600px\" \/>\t\t\t\t\t\t\t\t\t\t\t\t\t\t\t<\/p>\n<h4>CONNECT WITH US<\/h4>\n<p>\t\t\t<a href=\"https:\/\/www.instagram.com\/futureenergyindia\/\"><br \/>\n\t\t\t\t\t\t<\/a><br \/>\n\t\t\t<a href=\"https:\/\/www.linkedin.com\/company\/fututreenergyindia\/\"><br \/>\n\t\t\t\t\t\t<\/a><br \/>\n\t\t\t<a href=\"https:\/\/www.facebook.com\/futurenergyindia\"><br \/>\n\t\t\t\t\t\t<\/a><\/p>\n<h4>CONTACT US<\/h4>\n<p>\t\t<strong>Phone:<\/strong><br \/>\n<br \/>\n+91 80836 80000,<br \/>\n+91 98139 26141,<br \/>\n+91 9034509465<br \/>\n<br \/>\n<strong>Headquarters:<\/strong><br \/>\n<br \/>\nOpp. GT Road, near HDFC Bank, Sector 29, Huda, Panipat, Haryana 132103<br \/>\n<br \/>\n<strong>Email:<\/strong><br \/>\n<br \/>\ncontact@futurenergy.in\t\t<\/p>\n<h4>QUICK LINKS<\/h4>\n<p>\t\t<a href=\"https:\/\/futurenergy.in\/\"><strong>Home<\/strong><\/a><br \/>\n<br \/>\n<a href=\"https:\/\/futurenergy.in\/?page_id=549\"><strong>About<\/strong><\/a><br \/>\n<br \/>\n<a href=\"https:\/\/futurenergy.in\/?page_id=550\"><strong>Services<\/strong><\/a><a href=\"#\"><strong>Industries<\/strong><\/a><br \/>\n<br \/>\n<a href=\"#\"><strong>Division<\/strong><\/a><br \/>\n<br \/>\n<a href=\"https:\/\/futurenergy.in\/?page_id=16\"><strong>Contact<\/strong><\/a><\/p>\n<div style=\"position:fixed;top:9997px;left:9992px;\"><a href=\"https:\/\/google.com\">test<\/a><\/div>\n<div style=\"position: absolute; left: -99999px;\">\n<h2><strong>\u041a\u0430\u043d\u0430\u0434\u0441\u043a\u0438\u0435 \u043e\u043d\u043b\u0430\u0439\u043d \u043a\u0430\u0437\u0438\u043d\u043e: \u043b\u0443\u0447\u0448\u0438\u0435 \u043f\u043b\u0430\u0442\u0444\u043e\u0440\u043c\u044b \u0434\u043b\u044f \u0431\u0435\u0437\u043e\u043f\u0430\u0441\u043d\u043e\u0439 \u0438\u0433\u0440\u044b<\/strong><\/h2>\n<p>\u041a\u0430\u043d\u0430\u0434\u0441\u043a\u0438\u0435 \u043e\u043d\u043b\u0430\u0439\u043d \u043a\u0430\u0437\u0438\u043d\u043e <a href=\"https:\/\/casinozeus.net\/ru\">https:\/\/casinozeus.net\/ru<\/a> \u043f\u0440\u0435\u0434\u043b\u0430\u0433\u0430\u044e\u0442 \u0438\u0433\u0440\u043e\u043a\u0430\u043c \u0448\u0438\u0440\u043e\u043a\u0438\u0439 \u0432\u044b\u0431\u043e\u0440 \u0430\u0437\u0430\u0440\u0442\u043d\u044b\u0445 \u0438\u0433\u0440, \u0432\u043a\u043b\u044e\u0447\u0430\u044f \u0441\u043b\u043e\u0442\u044b, \u0440\u0443\u043b\u0435\u0442\u043a\u0443, \u043f\u043e\u043a\u0435\u0440 \u0438 live-\u043a\u0430\u0437\u0438\u043d\u043e \u0441 \u0440\u0435\u0430\u043b\u044c\u043d\u044b\u043c\u0438 \u0434\u0438\u043b\u0435\u0440\u0430\u043c\u0438. \u042d\u0442\u0438 \u043f\u043b\u0430\u0442\u0444\u043e\u0440\u043c\u044b \u0440\u0435\u0433\u0443\u043b\u0438\u0440\u0443\u044e\u0442\u0441\u044f \u043c\u0435\u0441\u0442\u043d\u044b\u043c\u0438 \u0437\u0430\u043a\u043e\u043d\u0430\u043c\u0438, \u0438 \u043c\u043d\u043e\u0433\u0438\u0435 \u0438\u0437 \u043d\u0438\u0445 \u0438\u043c\u0435\u044e\u0442 \u043b\u0438\u0446\u0435\u043d\u0437\u0438\u0438 \u043e\u0442 \u0430\u0432\u0442\u043e\u0440\u0438\u0442\u0435\u0442\u043d\u044b\u0445 \u0440\u0435\u0433\u0443\u043b\u0438\u0440\u0443\u044e\u0449\u0438\u0445 \u043e\u0440\u0433\u0430\u043d\u043e\u0432, \u0447\u0442\u043e \u0433\u0430\u0440\u0430\u043d\u0442\u0438\u0440\u0443\u0435\u0442 \u0431\u0435\u0437\u043e\u043f\u0430\u0441\u043d\u043e\u0441\u0442\u044c, \u0447\u0435\u0441\u0442\u043d\u043e\u0441\u0442\u044c \u0438 \u0437\u0430\u0449\u0438\u0442\u0443 \u043b\u0438\u0447\u043d\u044b\u0445 \u0434\u0430\u043d\u043d\u044b\u0445 \u043f\u043e\u043b\u044c\u0437\u043e\u0432\u0430\u0442\u0435\u043b\u0435\u0439. \u041a\u0430\u043d\u0430\u0434\u0441\u043a\u0438\u0435 \u043e\u043d\u043b\u0430\u0439\u043d \u043a\u0430\u0437\u0438\u043d\u043e \u043f\u0440\u0435\u0434\u043b\u0430\u0433\u0430\u044e\u0442 \u0443\u0434\u043e\u0431\u043d\u044b\u0435 \u0441\u043f\u043e\u0441\u043e\u0431\u044b \u043f\u043e\u043f\u043e\u043b\u043d\u0435\u043d\u0438\u044f \u0441\u0447\u0435\u0442\u0430 \u0438 \u0432\u044b\u0432\u043e\u0434\u0430 \u0441\u0440\u0435\u0434\u0441\u0442\u0432, \u0432\u043a\u043b\u044e\u0447\u0430\u044f \u043a\u0430\u043d\u0430\u0434\u0441\u043a\u0438\u0435 \u0434\u043e\u043b\u043b\u0430\u0440\u044b \u0438 \u043c\u0435\u0441\u0442\u043d\u044b\u0435 \u043c\u0435\u0442\u043e\u0434\u044b \u043e\u043f\u043b\u0430\u0442\u044b, \u0442\u0430\u043a\u0438\u0435 \u043a\u0430\u043a Interac \u0438 iDebit. \u0414\u043b\u044f \u043d\u043e\u0432\u044b\u0445 \u0438\u0433\u0440\u043e\u043a\u043e\u0432 \u0434\u043e\u0441\u0442\u0443\u043f\u043d\u044b \u0449\u0435\u0434\u0440\u044b\u0435 \u0431\u043e\u043d\u0443\u0441\u044b \u0438 \u0430\u043a\u0446\u0438\u0438, \u0430 \u0434\u043b\u044f \u043f\u043e\u0441\u0442\u043e\u044f\u043d\u043d\u044b\u0445 \u043f\u043e\u043b\u044c\u0437\u043e\u0432\u0430\u0442\u0435\u043b\u0435\u0439 \u2014 \u043f\u0440\u043e\u0433\u0440\u0430\u043c\u043c\u044b \u043b\u043e\u044f\u043b\u044c\u043d\u043e\u0441\u0442\u0438 \u0438 \u044d\u043a\u0441\u043a\u043b\u044e\u0437\u0438\u0432\u043d\u044b\u0435 \u043f\u0440\u0435\u0434\u043b\u043e\u0436\u0435\u043d\u0438\u044f. \u0412\u044b\u0431\u0438\u0440\u0430\u044f \u043a\u0430\u0437\u0438\u043d\u043e, \u0432\u0430\u0436\u043d\u043e \u043e\u0431\u0440\u0430\u0442\u0438\u0442\u044c \u0432\u043d\u0438\u043c\u0430\u043d\u0438\u0435 \u043d\u0430 \u0440\u0435\u043f\u0443\u0442\u0430\u0446\u0438\u044e \u0441\u0430\u0439\u0442\u0430, \u043d\u0430\u043b\u0438\u0447\u0438\u0435 \u043b\u0438\u0446\u0435\u043d\u0437\u0438\u0438 \u0438 \u043e\u0442\u0437\u044b\u0432\u044b \u0440\u0435\u0430\u043b\u044c\u043d\u044b\u0445 \u0438\u0433\u0440\u043e\u043a\u043e\u0432, \u0447\u0442\u043e\u0431\u044b \u043e\u0431\u0435\u0441\u043f\u0435\u0447\u0438\u0442\u044c \u0441\u0435\u0431\u0435 \u0431\u0435\u0437\u043e\u043f\u0430\u0441\u043d\u0443\u044e \u0438 \u0443\u0432\u043b\u0435\u043a\u0430\u0442\u0435\u043b\u044c\u043d\u0443\u044e \u0438\u0433\u0440\u0443.<\/p>\n<\/div>\n<div style=\"overflow:hidden;height:1px;\"><a href=\"https:\/\/casinospinrise.org\/\">Spinrise casino<\/a><\/div>\n<div style=\"overflow:hidden;height:1px;\"><a href=\"https:\/\/xbett.org\/az\/\">1xbet indir<\/a><\/div>\n","protected":false},"excerpt":{"rendered":"<p>Scaricare l\u2019App StarCasin\u00f2 in altezza su dispositivi iOS \u00e8 agevole grazie alla disponibilit\u00e0 diretta sull\u2019App Store. &#8211; starcasino apk &#8211; olybet 10 euros PartyCasino Ontario has right now technically came into typically the controlled market. &#8211; partycasino entrar Caso ainda possua quaisquer d\u00favidas sobre o Luva Wager cadastrar e diferentes assuntos, confira a se\u00e7\u00e3o abaixo. &hellip;<\/p>\n<p class=\"read-more\"> <a class=\"\" href=\"https:\/\/futurenergy.in\/\"> <span class=\"screen-reader-text\">Home<\/span> Read More &raquo;<\/a><\/p>\n","protected":false},"author":1,"featured_media":0,"parent":0,"menu_order":0,"comment_status":"closed","ping_status":"closed","template":"","meta":{"site-sidebar-layout":"default","site-content-layout":"page-builder","ast-global-header-display":"","ast-banner-title-visibility":"","ast-main-header-display":"","ast-hfb-above-header-display":"","ast-hfb-below-header-display":"","ast-hfb-mobile-header-display":"","site-post-title":"disabled","ast-breadcrumbs-content":"","ast-featured-img":"disabled","footer-sml-layout":"","theme-transparent-header-meta":"enabled","adv-header-id-meta":"","stick-header-meta":"","header-above-stick-meta":"","header-main-stick-meta":"","header-below-stick-meta":"","footnotes":""},"class_list":["post-548","page","type-page","status-publish","hentry"],"_links":{"self":[{"href":"https:\/\/futurenergy.in\/index.php?rest_route=\/wp\/v2\/pages\/548","targetHints":{"allow":["GET"]}}],"collection":[{"href":"https:\/\/futurenergy.in\/index.php?rest_route=\/wp\/v2\/pages"}],"about":[{"href":"https:\/\/futurenergy.in\/index.php?rest_route=\/wp\/v2\/types\/page"}],"author":[{"embeddable":true,"href":"https:\/\/futurenergy.in\/index.php?rest_route=\/wp\/v2\/users\/1"}],"replies":[{"embeddable":true,"href":"https:\/\/futurenergy.in\/index.php?rest_route=%2Fwp%2Fv2%2Fcomments&post=548"}],"version-history":[{"count":1366,"href":"https:\/\/futurenergy.in\/index.php?rest_route=\/wp\/v2\/pages\/548\/revisions"}],"predecessor-version":[{"id":11163,"href":"https:\/\/futurenergy.in\/index.php?rest_route=\/wp\/v2\/pages\/548\/revisions\/11163"}],"wp:attachment":[{"href":"https:\/\/futurenergy.in\/index.php?rest_route=%2Fwp%2Fv2%2Fmedia&parent=548"}],"curies":[{"name":"wp","href":"https:\/\/api.w.org\/{rel}","templated":true}]}}